{"id":390,"date":"2026-01-22T12:04:20","date_gmt":"2026-01-22T12:04:20","guid":{"rendered":"https:\/\/www.vanwers.com\/?page_id=390"},"modified":"2026-02-18T15:00:05","modified_gmt":"2026-02-18T15:00:05","slug":"mentions-legales","status":"publish","type":"page","link":"https:\/\/www.vanwers.com\/en\/mentions-legales\/","title":{"rendered":"Mentions l\u00e9gales"},"content":{"rendered":"\t\t<div data-elementor-type=\"wp-page\" data-elementor-id=\"390\" class=\"elementor elementor-390\" data-elementor-post-type=\"page\">\n\t\t\t\t<div class=\"elementor-element elementor-element-3f99ae42 e-flex e-con-boxed e-con e-parent\" data-id=\"3f99ae42\" data-element_type=\"container\" data-e-type=\"container\" data-settings=\"{&quot;background_background&quot;:&quot;classic&quot;,&quot;sticky&quot;:&quot;top&quot;,&quot;sticky_on&quot;:[&quot;desktop&quot;,&quot;tablet&quot;,&quot;mobile&quot;],&quot;sticky_offset&quot;:0,&quot;sticky_effects_offset&quot;:0,&quot;sticky_anchor_link_offset&quot;:0}\">\n\t\t\t\t\t<div class=\"e-con-inner\">\n\t\t\t\t<div class=\"elementor-element elementor-element-5feb372e elementor-widget elementor-widget-theme-site-logo elementor-widget-image\" data-id=\"5feb372e\" data-element_type=\"widget\" data-e-type=\"widget\" data-widget_type=\"theme-site-logo.default\">\n\t\t\t\t\t\t\t\t\t\t\t<a href=\"https:\/\/www.vanwers.com\/en\">\n\t\t\t<img fetchpriority=\"high\" decoding=\"async\" width=\"768\" height=\"696\" src=\"https:\/\/www.vanwers.com\/wp-content\/uploads\/2026\/01\/logo-1-768x696.png\" class=\"attachment-medium_large size-medium_large wp-image-201\" alt=\"\" srcset=\"https:\/\/www.vanwers.com\/wp-content\/uploads\/2026\/01\/logo-1-768x696.png 768w, https:\/\/www.vanwers.com\/wp-content\/uploads\/2026\/01\/logo-1-300x272.png 300w, https:\/\/www.vanwers.com\/wp-content\/uploads\/2026\/01\/logo-1.png 994w\" sizes=\"(max-width: 768px) 100vw, 768px\" \/>\t\t\t\t<\/a>\n\t\t\t\t\t\t\t\t\t\t\t<\/div>\n\t\t\t\t<div class=\"elementor-element elementor-element-65be9a1d elementor-nav-menu--stretch elementor-nav-menu--dropdown-mobile elementor-nav-menu__text-align-aside elementor-nav-menu--toggle elementor-nav-menu--burger elementor-widget elementor-widget-nav-menu\" data-id=\"65be9a1d\" data-element_type=\"widget\" data-e-type=\"widget\" data-settings=\"{&quot;full_width&quot;:&quot;stretch&quot;,&quot;layout&quot;:&quot;horizontal&quot;,&quot;submenu_icon&quot;:{&quot;value&quot;:&quot;&lt;svg aria-hidden=\\&quot;true\\&quot; class=\\&quot;e-font-icon-svg e-fas-caret-down\\&quot; viewBox=\\&quot;0 0 320 512\\&quot; xmlns=\\&quot;http:\\\/\\\/www.w3.org\\\/2000\\\/svg\\&quot;&gt;&lt;path d=\\&quot;M31.3 192h257.3c17.8 0 26.7 21.5 14.1 34.1L174.1 354.8c-7.8 7.8-20.5 7.8-28.3 0L17.2 226.1C4.6 213.5 13.5 192 31.3 192z\\&quot;&gt;&lt;\\\/path&gt;&lt;\\\/svg&gt;&quot;,&quot;library&quot;:&quot;fa-solid&quot;},&quot;toggle&quot;:&quot;burger&quot;}\" data-widget_type=\"nav-menu.default\">\n\t\t\t\t\t\t\t\t<nav aria-label=\"Menu\" class=\"elementor-nav-menu--main elementor-nav-menu__container elementor-nav-menu--layout-horizontal e--pointer-underline e--animation-fade\">\n\t\t\t\t<ul id=\"menu-1-65be9a1d\" class=\"elementor-nav-menu\"><li class=\"menu-item menu-item-type-post_type menu-item-object-page menu-item-482\"><a href=\"https:\/\/www.vanwers.com\/en\/histoire\/\" class=\"elementor-item\">Notre histoire<\/a><\/li>\n<li class=\"menu-item menu-item-type-post_type menu-item-object-page menu-item-466\"><a href=\"https:\/\/www.vanwers.com\/en\/parc-de-production\/\" class=\"elementor-item\">Parc De Production<\/a><\/li>\n<li class=\"menu-item menu-item-type-custom menu-item-object-custom menu-item-248\"><a href=\"https:\/\/vanwers.com\/#rse\" class=\"elementor-item elementor-item-anchor\" target=\"_blank\" rel=\"noopener\">RSE<\/a><\/li>\n<li class=\"menu-item menu-item-type-post_type menu-item-object-page menu-item-506\"><a href=\"https:\/\/www.vanwers.com\/en\/jobs\/\" class=\"elementor-item\">Jobs<\/a><\/li>\n<\/ul>\t\t\t<\/nav>\n\t\t\t\t\t<div class=\"elementor-menu-toggle\" role=\"button\" tabindex=\"0\" aria-label=\"Menu Toggle\" aria-expanded=\"false\">\n\t\t\t<svg aria-hidden=\"true\" role=\"presentation\" class=\"elementor-menu-toggle__icon--open e-font-icon-svg e-eicon-menu-bar\" viewBox=\"0 0 1000 1000\" xmlns=\"http:\/\/www.w3.org\/2000\/svg\"><path d=\"M104 333H896C929 333 958 304 958 271S929 208 896 208H104C71 208 42 237 42 271S71 333 104 333ZM104 583H896C929 583 958 554 958 521S929 458 896 458H104C71 458 42 487 42 521S71 583 104 583ZM104 833H896C929 833 958 804 958 771S929 708 896 708H104C71 708 42 737 42 771S71 833 104 833Z\"><\/path><\/svg><svg aria-hidden=\"true\" role=\"presentation\" class=\"elementor-menu-toggle__icon--close e-font-icon-svg e-eicon-close\" viewBox=\"0 0 1000 1000\" xmlns=\"http:\/\/www.w3.org\/2000\/svg\"><path d=\"M742 167L500 408 258 167C246 154 233 150 217 150 196 150 179 158 167 167 154 179 150 196 150 212 150 229 154 242 171 254L408 500 167 742C138 771 138 800 167 829 196 858 225 858 254 829L496 587 738 829C750 842 767 846 783 846 800 846 817 842 829 829 842 817 846 804 846 783 846 767 842 750 829 737L588 500 833 258C863 229 863 200 833 171 804 137 775 137 742 167Z\"><\/path><\/svg>\t\t<\/div>\n\t\t\t\t\t<nav class=\"elementor-nav-menu--dropdown elementor-nav-menu__container\" aria-hidden=\"true\">\n\t\t\t\t<ul id=\"menu-2-65be9a1d\" class=\"elementor-nav-menu\"><li class=\"menu-item menu-item-type-post_type menu-item-object-page menu-item-482\"><a href=\"https:\/\/www.vanwers.com\/en\/histoire\/\" class=\"elementor-item\" tabindex=\"-1\">Notre histoire<\/a><\/li>\n<li class=\"menu-item menu-item-type-post_type menu-item-object-page menu-item-466\"><a href=\"https:\/\/www.vanwers.com\/en\/parc-de-production\/\" class=\"elementor-item\" tabindex=\"-1\">Parc De Production<\/a><\/li>\n<li class=\"menu-item menu-item-type-custom menu-item-object-custom menu-item-248\"><a href=\"https:\/\/vanwers.com\/#rse\" class=\"elementor-item elementor-item-anchor\" tabindex=\"-1\" target=\"_blank\" rel=\"noopener\">RSE<\/a><\/li>\n<li class=\"menu-item menu-item-type-post_type menu-item-object-page menu-item-506\"><a href=\"https:\/\/www.vanwers.com\/en\/jobs\/\" class=\"elementor-item\" tabindex=\"-1\">Jobs<\/a><\/li>\n<\/ul>\t\t\t<\/nav>\n\t\t\t\t\t\t<\/div>\n\t\t\t\t<div class=\"elementor-element elementor-element-300c9d64 elementor-align-right elementor-widget elementor-widget-button\" data-id=\"300c9d64\" data-element_type=\"widget\" data-e-type=\"widget\" data-widget_type=\"button.default\">\n\t\t\t\t\t\t\t\t\t\t<a class=\"elementor-button elementor-button-link elementor-size-sm\" href=\"https:\/\/vanwers.com\/#contact\" target=\"_blank\" rel=\"noopener\">\n\t\t\t\t\t\t<span class=\"elementor-button-content-wrapper\">\n\t\t\t\t\t\t\t\t\t<span class=\"elementor-button-text\">Nous contacter<\/span>\n\t\t\t\t\t<\/span>\n\t\t\t\t\t<\/a>\n\t\t\t\t\t\t\t\t<\/div>\n\t\t\t\t\t<\/div>\n\t\t\t\t<\/div>\n\t\t<div class=\"elementor-element elementor-element-2a05ac2 e-flex e-con-boxed e-con e-parent\" data-id=\"2a05ac2\" data-element_type=\"container\" data-e-type=\"container\">\n\t\t\t\t\t<div class=\"e-con-inner\">\n\t\t\t\t<div class=\"elementor-element elementor-element-81ef6b1 elementor-widget elementor-widget-spacer\" data-id=\"81ef6b1\" data-element_type=\"widget\" data-e-type=\"widget\" data-widget_type=\"spacer.default\">\n\t\t\t\t\t\t\t<div class=\"elementor-spacer\">\n\t\t\t<div class=\"elementor-spacer-inner\"><\/div>\n\t\t<\/div>\n\t\t\t\t\t\t<\/div>\n\t\t\t\t\t<\/div>\n\t\t\t\t<\/div>\n\t\t<div class=\"elementor-element elementor-element-a26f193 e-flex e-con-boxed e-con e-parent\" data-id=\"a26f193\" data-element_type=\"container\" data-e-type=\"container\">\n\t\t\t\t\t<div class=\"e-con-inner\">\n\t\t\t\t<div class=\"elementor-element elementor-element-b8b8b17 elementor-widget elementor-widget-heading\" data-id=\"b8b8b17\" data-element_type=\"widget\" data-e-type=\"widget\" id=\"#mentionslegales\" data-widget_type=\"heading.default\">\n\t\t\t\t\t<h2 class=\"elementor-heading-title elementor-size-default\">Protection des donn\u00e9es personnelles \u2013 Belgique (Atelier Fernand Vanwers)\n<\/h2>\t\t\t\t<\/div>\n\t\t\t\t\t<\/div>\n\t\t\t\t<\/div>\n\t\t<div class=\"elementor-element elementor-element-a1afd19 e-flex e-con-boxed e-con e-parent\" data-id=\"a1afd19\" data-element_type=\"container\" data-e-type=\"container\">\n\t\t\t\t\t<div class=\"e-con-inner\">\n\t\t\t\t<div class=\"elementor-element elementor-element-eff15a0 elementor-widget elementor-widget-spacer\" data-id=\"eff15a0\" data-element_type=\"widget\" data-e-type=\"widget\" data-widget_type=\"spacer.default\">\n\t\t\t\t\t\t\t<div class=\"elementor-spacer\">\n\t\t\t<div class=\"elementor-spacer-inner\"><\/div>\n\t\t<\/div>\n\t\t\t\t\t\t<\/div>\n\t\t\t\t\t<\/div>\n\t\t\t\t<\/div>\n\t\t<div class=\"elementor-element elementor-element-47f62c02 e-flex e-con-boxed e-con e-parent\" data-id=\"47f62c02\" data-element_type=\"container\" data-e-type=\"container\">\n\t\t\t\t\t<div class=\"e-con-inner\">\n\t\t\t\t<div class=\"elementor-element elementor-element-22a3e2ff elementor-widget elementor-widget-text-editor\" data-id=\"22a3e2ff\" data-element_type=\"widget\" data-e-type=\"widget\" data-widget_type=\"text-editor.default\">\n\t\t\t\t\t\t\t\t\t\n<p><strong>Atelier Fernand Vanwers<\/strong> s\u2019engage \u00e0 pr\u00e9server la confidentialit\u00e9 des donn\u00e9es et \u00e0 prot\u00e9ger les donn\u00e9es qui lui sont confi\u00e9es par ses internautes et\/ou ses clients, en conformit\u00e9 avec le <strong>R\u00e8glement G\u00e9n\u00e9ral sur la Protection des Donn\u00e9es (RGPD)<\/strong> et la r\u00e9glementation belge, notamment l\u2019<strong>Autorit\u00e9 de protection des donn\u00e9es (APD \/ Gegevensbeschermingsautoriteit)<\/strong>.<\/p>\n\n<h4 class=\"wp-block-heading\">Collecte des donn\u00e9es<\/h4>\n\n<p>Lorsque vous utilisez le site, communiquez via le formulaire de contact, vous inscrivez \u00e0 la newsletter, ou effectuez une commande, <strong>des informations personnelles peuvent \u00eatre collect\u00e9es<\/strong>. Celles-ci peuvent inclure :<\/p>\n\n<ul class=\"wp-block-list\">\n<li>Identit\u00e9 : civilit\u00e9, nom, pr\u00e9nom, adresse email, num\u00e9ro de t\u00e9l\u00e9phone, adresse postale.<\/li>\n\n<li>Informations professionnelles : forme juridique, num\u00e9ro Siret\/Siren, code activit\u00e9, etc.<\/li>\n\n<li>Donn\u00e9es de paiement (via Payplug ou PayPal), collect\u00e9es et stock\u00e9es uniquement par ces prestataires s\u00e9curis\u00e9s.<\/li>\n\n<li>Donn\u00e9es de navigation et statistiques si l\u2019utilisateur consent \u00e0 l\u2019utilisation de cookies (adresse IP anonymis\u00e9e, syst\u00e8me d\u2019exploitation, dur\u00e9e de navigation, donn\u00e9es de trafic).<\/li>\n<\/ul>\n\n<p>Les donn\u00e9es sont collect\u00e9es <strong>directement<\/strong> lorsque vous remplissez un formulaire ou effectuez une action sur le site, et <strong>indirectement<\/strong> lorsque vous acceptez les cookies.<\/p>\n\n<h4 class=\"wp-block-heading\">Finalit\u00e9s du traitement<\/h4>\n\n<p>Les donn\u00e9es collect\u00e9es peuvent \u00eatre utilis\u00e9es pour :<\/p>\n\n<ol class=\"wp-block-list\">\n<li><strong>R\u00e9pondre aux demandes utilisateurs<\/strong>\n<ul>\n<li>Fournir une d\u00e9monstration des services et produits.R\u00e9pondre aux demandes via le formulaire de contact.Envoyer la newsletter si vous vous y \u00eates inscrit.Fournir des devis ou informations commerciales.<\/li>\n<\/ul>\nLes donn\u00e9es de prospects sont conserv\u00e9es <strong>maximum deux (2) ans<\/strong> apr\u00e8s le dernier contact.<\/li>\n\n<li><strong>Am\u00e9liorer le site internet<\/strong>\n<ul>\n<li>Optimiser la navigation et l\u2019exp\u00e9rience utilisateur.<\/li>\n<li>Analyser les statistiques et tendances de consultation.<\/li>\n<li>Assurer la s\u00e9curit\u00e9 et d\u00e9tecter\/prevenir les fraudes.<\/li>\n<\/ul>\nLes donn\u00e9es sont conserv\u00e9es <strong>maximum douze (12) mois<\/strong> apr\u00e8s leur collecte.<\/li>\n\n<li><strong>Constituer un fichier clients<\/strong>\n<ul class=\"wp-block-list\">\n<li>Pour les clients, les donn\u00e9es peuvent \u00eatre conserv\u00e9es <strong>pendant toute la dur\u00e9e de la relation contractuelle<\/strong>.<\/li>\n<\/ul>\n<\/li>\n\n<li><strong>Paiements en ligne<\/strong>\n<ul class=\"wp-block-list\">\n<li>Les transactions sont s\u00e9curis\u00e9es via Payplug et PayPal.<\/li>\n\n<li>Les donn\u00e9es bancaires ne sont jamais stock\u00e9es sur nos serveurs.<\/li>\n\n<li>Les prestataires conservent les donn\u00e9es n\u00e9cessaires pour le traitement de la transaction et d\u2019\u00e9ventuelles r\u00e9clamations.<\/li>\n<\/ul>\n<\/li>\n<\/ol>\n\n<h4 class=\"wp-block-heading\">Consentement<\/h4>\n\n<p>En utilisant le site, en remplissant un formulaire ou en vous inscrivant \u00e0 la newsletter, vous consentez express\u00e9ment \u00e0 la collecte et au traitement de vos donn\u00e9es personnelles.<\/p>\n\n<p>Pour les cookies, le consentement est <strong>opt-in<\/strong>, et vous pouvez accepter, refuser ou modifier vos pr\u00e9f\u00e9rences \u00e0 tout moment via le bandeau ou le panneau de gestion des cookies.<\/p>\n\n<h4 class=\"wp-block-heading\">Droits des utilisateurs<\/h4>\n\n<p>Vous disposez des droits suivants concernant vos donn\u00e9es personnelles :<\/p>\n\n<ul class=\"wp-block-list\">\n<li>Droit d\u2019acc\u00e8s<\/li>\n\n<li>Droit de rectification<\/li>\n\n<li>Droit d\u2019opposition<\/li>\n\n<li>Droit \u00e0 l\u2019effacement<\/li>\n\n<li>Droit \u00e0 la limitation du traitement<\/li>\n\n<li>Droit \u00e0 la portabilit\u00e9 des donn\u00e9es<\/li>\n\n<li>Droit de d\u00e9finir le sort de vos donn\u00e9es apr\u00e8s d\u00e9c\u00e8s<\/li>\n<\/ul>\n\n<p>Ces droits peuvent \u00eatre exerc\u00e9s aupr\u00e8s de <strong>Atelier Fernand Vanwers<\/strong> ou directement aupr\u00e8s de l\u2019<strong>Autorit\u00e9 de protection des donn\u00e9es (APD \/ Gegevensbeschermingsautoriteit)<\/strong> : <a>https:\/\/www.gegevensbeschermingsautoriteit.be<\/a>.<\/p>\n\n<h4 class=\"wp-block-heading\">Destinataires<\/h4>\n\n<p>Le directeur de la publication, responsable du traitement, est <strong>Geoffrey Bouillot<\/strong>. Vous pouvez la contacter \u00e0 l\u2019adresse email : <strong><a>info@atelier-vanwers.legal<\/a><\/strong>.<\/p>\n\n<p><strong>Atelier Fernand Vanwers<\/strong> ne partage pas vos donn\u00e9es personnelles avec des tiers, sauf obligations l\u00e9gales ou prestataires n\u00e9cessaires au traitement s\u00e9curis\u00e9 (ex : paiement, h\u00e9bergement).<\/p>\n\n<p>Le site <a>www.atelier-vanwers.legal<\/a> peut contenir des liens vers d\u2019autres sites. Ces sites ne sont pas soumis \u00e0 la pr\u00e9sente d\u00e9claration de confidentialit\u00e9 et peuvent avoir leur propre politique de protection des donn\u00e9es. Nous vous recommandons de v\u00e9rifier la politique de chaque site avant de communiquer vos informations personnelles.<\/p>\n\n<p><strong>Protection des enfants<\/strong> : nous ne collectons jamais sciemment de donn\u00e9es sur les mineurs de moins de 18 ans.<\/p>\n\n<p>Le site est s\u00e9curis\u00e9 via un certificat SSL valide pour garantir la protection de vos donn\u00e9es.<\/p>\n\n<p>\u00a0<\/p>\n\t\t\t\t\t\t\t\t<\/div>\n\t\t<div class=\"elementor-element elementor-element-283d94d e-con-full e-flex e-con e-child\" data-id=\"283d94d\" data-element_type=\"container\" data-e-type=\"container\" data-settings=\"{&quot;background_background&quot;:&quot;classic&quot;}\">\n\t\t<div class=\"elementor-element elementor-element-641de02 e-con-full e-flex e-con e-child\" data-id=\"641de02\" data-element_type=\"container\" data-e-type=\"container\" data-settings=\"{&quot;background_background&quot;:&quot;classic&quot;}\">\n\t\t\t\t<div class=\"elementor-element elementor-element-b17f5b0 elementor-position-top elementor-widget elementor-widget-image-box\" data-id=\"b17f5b0\" data-element_type=\"widget\" data-e-type=\"widget\" data-widget_type=\"image-box.default\">\n\t\t\t\t\t<div class=\"elementor-image-box-wrapper\"><figure class=\"elementor-image-box-img\"><img decoding=\"async\" width=\"994\" height=\"901\" src=\"https:\/\/www.vanwers.com\/wp-content\/uploads\/2026\/01\/logo-1.png\" class=\"attachment-full size-full wp-image-201\" alt=\"\" srcset=\"https:\/\/www.vanwers.com\/wp-content\/uploads\/2026\/01\/logo-1.png 994w, https:\/\/www.vanwers.com\/wp-content\/uploads\/2026\/01\/logo-1-300x272.png 300w, https:\/\/www.vanwers.com\/wp-content\/uploads\/2026\/01\/logo-1-768x696.png 768w\" sizes=\"(max-width: 994px) 100vw, 994px\" \/><\/figure><div class=\"elementor-image-box-content\"><p class=\"elementor-image-box-description\">Vanwers <br>M\u00e9canique de pr\u00e9cision<\/p><\/div><\/div>\t\t\t\t<\/div>\n\t\t\t\t<\/div>\n\t\t<div class=\"elementor-element elementor-element-fc8de9d e-con-full e-flex e-con e-child\" data-id=\"fc8de9d\" data-element_type=\"container\" data-e-type=\"container\" data-settings=\"{&quot;background_background&quot;:&quot;classic&quot;}\">\n\t\t\t\t<div class=\"elementor-element elementor-element-d69e34f elementor-widget elementor-widget-heading\" data-id=\"d69e34f\" data-element_type=\"widget\" data-e-type=\"widget\" data-widget_type=\"heading.default\">\n\t\t\t\t\t<h4 class=\"elementor-heading-title elementor-size-default\">Contact<\/h4>\t\t\t\t<\/div>\n\t\t\t\t<div class=\"elementor-element elementor-element-00db285 elementor-icon-list--layout-traditional elementor-list-item-link-full_width elementor-widget elementor-widget-icon-list\" data-id=\"00db285\" data-element_type=\"widget\" data-e-type=\"widget\" id=\"#mentionlegales\" data-widget_type=\"icon-list.default\">\n\t\t\t\t\t\t\t<ul class=\"elementor-icon-list-items\">\n\t\t\t\t\t\t\t<li class=\"elementor-icon-list-item\">\n\t\t\t\t\t\t\t\t\t\t\t<a href=\"mailto:contact@mysite.com\">\n\n\t\t\t\t\t\t\t\t\t\t\t\t<span class=\"elementor-icon-list-icon\">\n\t\t\t\t\t\t\t<svg aria-hidden=\"true\" class=\"e-font-icon-svg e-fas-mail-bulk\" viewBox=\"0 0 576 512\" xmlns=\"http:\/\/www.w3.org\/2000\/svg\"><path d=\"M160 448c-25.6 0-51.2-22.4-64-32-64-44.8-83.2-60.8-96-70.4V480c0 17.67 14.33 32 32 32h256c17.67 0 32-14.33 32-32V345.6c-12.8 9.6-32 25.6-96 70.4-12.8 9.6-38.4 32-64 32zm128-192H32c-17.67 0-32 14.33-32 32v16c25.6 19.2 22.4 19.2 115.2 86.4 9.6 6.4 28.8 25.6 44.8 25.6s35.2-19.2 44.8-22.4c92.8-67.2 89.6-67.2 115.2-86.4V288c0-17.67-14.33-32-32-32zm256-96H224c-17.67 0-32 14.33-32 32v32h96c33.21 0 60.59 25.42 63.71 57.82l.29-.22V416h192c17.67 0 32-14.33 32-32V192c0-17.67-14.33-32-32-32zm-32 128h-64v-64h64v64zm-352-96c0-35.29 28.71-64 64-64h224V32c0-17.67-14.33-32-32-32H96C78.33 0 64 14.33 64 32v192h96v-32z\"><\/path><\/svg>\t\t\t\t\t\t<\/span>\n\t\t\t\t\t\t\t\t\t\t<span class=\"elementor-icon-list-text\">supply@vanwers.com<\/span>\n\t\t\t\t\t\t\t\t\t\t\t<\/a>\n\t\t\t\t\t\t\t\t\t<\/li>\n\t\t\t\t\t\t\t\t<li class=\"elementor-icon-list-item\">\n\t\t\t\t\t\t\t\t\t\t\t<a href=\"tel:123-456-7890\">\n\n\t\t\t\t\t\t\t\t\t\t\t\t<span class=\"elementor-icon-list-icon\">\n\t\t\t\t\t\t\t<svg aria-hidden=\"true\" class=\"e-font-icon-svg e-fas-phone-alt\" viewBox=\"0 0 512 512\" xmlns=\"http:\/\/www.w3.org\/2000\/svg\"><path d=\"M497.39 361.8l-112-48a24 24 0 0 0-28 6.9l-49.6 60.6A370.66 370.66 0 0 1 130.6 204.11l60.6-49.6a23.94 23.94 0 0 0 6.9-28l-48-112A24.16 24.16 0 0 0 122.6.61l-104 24A24 24 0 0 0 0 48c0 256.5 207.9 464 464 464a24 24 0 0 0 23.4-18.6l24-104a24.29 24.29 0 0 0-14.01-27.6z\"><\/path><\/svg>\t\t\t\t\t\t<\/span>\n\t\t\t\t\t\t\t\t\t\t<span class=\"elementor-icon-list-text\">04 227 26 84<\/span>\n\t\t\t\t\t\t\t\t\t\t\t<\/a>\n\t\t\t\t\t\t\t\t\t<\/li>\n\t\t\t\t\t\t<\/ul>\n\t\t\t\t\t\t<\/div>\n\t\t\t\t<div class=\"elementor-element elementor-element-5925dfa e-grid-align-tablet-left e-grid-align-mobile-left elementor-shape-rounded elementor-grid-0 elementor-widget elementor-widget-social-icons\" data-id=\"5925dfa\" data-element_type=\"widget\" data-e-type=\"widget\" data-widget_type=\"social-icons.default\">\n\t\t\t\t\t\t\t<div class=\"elementor-social-icons-wrapper elementor-grid\">\n\t\t\t\t\t\t\t<span class=\"elementor-grid-item\">\n\t\t\t\t\t<a class=\"elementor-icon elementor-social-icon elementor-social-icon-linkedin elementor-repeater-item-828f132\" target=\"_blank\">\n\t\t\t\t\t\t<span class=\"elementor-screen-only\">Linkedin<\/span>\n\t\t\t\t\t\t<svg aria-hidden=\"true\" class=\"e-font-icon-svg e-fab-linkedin\" viewBox=\"0 0 448 512\" xmlns=\"http:\/\/www.w3.org\/2000\/svg\"><path d=\"M416 32H31.9C14.3 32 0 46.5 0 64.3v383.4C0 465.5 14.3 480 31.9 480H416c17.6 0 32-14.5 32-32.3V64.3c0-17.8-14.4-32.3-32-32.3zM135.4 416H69V202.2h66.5V416zm-33.2-243c-21.3 0-38.5-17.3-38.5-38.5S80.9 96 102.2 96c21.2 0 38.5 17.3 38.5 38.5 0 21.3-17.2 38.5-38.5 38.5zm282.1 243h-66.4V312c0-24.8-.5-56.7-34.5-56.7-34.6 0-39.9 27-39.9 54.9V416h-66.4V202.2h63.7v29.2h.9c8.9-16.8 30.6-34.5 62.9-34.5 67.2 0 79.7 44.3 79.7 101.9V416z\"><\/path><\/svg>\t\t\t\t\t<\/a>\n\t\t\t\t<\/span>\n\t\t\t\t\t<\/div>\n\t\t\t\t\t\t<\/div>\n\t\t\t\t<\/div>\n\t\t<div class=\"elementor-element elementor-element-533d6ea e-con-full e-flex e-con e-child\" data-id=\"533d6ea\" data-element_type=\"container\" data-e-type=\"container\">\n\t\t\t\t<div class=\"elementor-element elementor-element-f7969ff elementor-widget elementor-widget-google_maps\" data-id=\"f7969ff\" data-element_type=\"widget\" data-e-type=\"widget\" data-widget_type=\"google_maps.default\">\n\t\t\t\t\t\t\t<div class=\"elementor-custom-embed\">\n\t\t\t<iframe loading=\"lazy\"\n\t\t\t\t\tsrc=\"https:\/\/maps.google.com\/maps?q=Rue%20Jean-Baptiste%20cools%2C%2035&#038;t=m&#038;z=8&#038;output=embed&#038;iwloc=near\"\n\t\t\t\t\ttitle=\"Rue Jean-Baptiste cools, 35\"\n\t\t\t\t\taria-label=\"Rue Jean-Baptiste cools, 35\"\n\t\t\t><\/iframe>\n\t\t<\/div>\n\t\t\t\t\t\t<\/div>\n\t\t\t\t<\/div>\n\t\t\t\t<\/div>\n\t\t\t\t\t<\/div>\n\t\t\t\t<\/div>\n\t\t<div class=\"elementor-element elementor-element-7254fcc0 e-flex e-con-boxed e-con e-parent\" data-id=\"7254fcc0\" data-element_type=\"container\" data-e-type=\"container\" data-settings=\"{&quot;background_background&quot;:&quot;classic&quot;}\">\n\t\t\t\t\t<div class=\"e-con-inner\">\n\t\t\t\t<div class=\"elementor-element elementor-element-145565c7 elementor-widget elementor-widget-heading\" data-id=\"145565c7\" data-element_type=\"widget\" data-e-type=\"widget\" data-widget_type=\"heading.default\">\n\t\t\t\t\t<p class=\"elementor-heading-title elementor-size-default\">\u00a9 All Rights Reserved.<\/p>\t\t\t\t<\/div>\n\t\t\t\t\t<\/div>\n\t\t\t\t<\/div>\n\t\t<div class=\"elementor-element elementor-element-ccb480b e-flex e-con-boxed e-con e-parent\" data-id=\"ccb480b\" data-element_type=\"container\" data-e-type=\"container\">\n\t\t\t\t\t<div class=\"e-con-inner\">\n\t\t\t\t\t<\/div>\n\t\t\t\t<\/div>\n\t\t\t\t<\/div>\n\t\t","protected":false},"excerpt":{"rendered":"<p>Nous contacter Protection des donn\u00e9es personnelles \u2013 Belgique (Atelier Fernand Vanwers) Atelier Fernand Vanwers s\u2019engage \u00e0 pr\u00e9server la confidentialit\u00e9 des donn\u00e9es et \u00e0 prot\u00e9ger les donn\u00e9es qui lui sont confi\u00e9es par ses internautes et\/ou ses clients, en conformit\u00e9 avec le R\u00e8glement G\u00e9n\u00e9ral sur la Protection des Donn\u00e9es (RGPD) et la r\u00e9glementation belge, notamment l\u2019Autorit\u00e9 de [&hellip;]<\/p>\n","protected":false},"author":1,"featured_media":0,"parent":0,"menu_order":0,"comment_status":"closed","ping_status":"closed","template":"","meta":{"footnotes":""},"class_list":["post-390","page","type-page","status-publish","hentry"],"_links":{"self":[{"href":"https:\/\/www.vanwers.com\/en\/wp-json\/wp\/v2\/pages\/390","targetHints":{"allow":["GET"]}}],"collection":[{"href":"https:\/\/www.vanwers.com\/en\/wp-json\/wp\/v2\/pages"}],"about":[{"href":"https:\/\/www.vanwers.com\/en\/wp-json\/wp\/v2\/types\/page"}],"author":[{"embeddable":true,"href":"https:\/\/www.vanwers.com\/en\/wp-json\/wp\/v2\/users\/1"}],"replies":[{"embeddable":true,"href":"https:\/\/www.vanwers.com\/en\/wp-json\/wp\/v2\/comments?post=390"}],"version-history":[{"count":27,"href":"https:\/\/www.vanwers.com\/en\/wp-json\/wp\/v2\/pages\/390\/revisions"}],"predecessor-version":[{"id":1076,"href":"https:\/\/www.vanwers.com\/en\/wp-json\/wp\/v2\/pages\/390\/revisions\/1076"}],"wp:attachment":[{"href":"https:\/\/www.vanwers.com\/en\/wp-json\/wp\/v2\/media?parent=390"}],"curies":[{"name":"wp","href":"https:\/\/api.w.org\/{rel}","templated":true}]}}